{"id":56011,"date":"2026-03-31T10:54:57","date_gmt":"2026-03-31T08:54:57","guid":{"rendered":"https:\/\/aderian.se\/aderian-ai-tour"},"modified":"2026-03-31T16:16:33","modified_gmt":"2026-03-31T14:16:33","slug":"aderian-ai-tour","status":"publish","type":"page","link":"https:\/\/aderian.se\/no\/aderian-ai-tour","title":{"rendered":"Aderian AI Tour"},"content":{"rendered":"\t\t<div data-elementor-type=\"wp-page\" data-elementor-id=\"56011\" class=\"elementor elementor-56011 elementor-54964\" data-elementor-post-type=\"page\">\n\t\t\t\t<div class=\"elementor-element elementor-element-287fca2 e-flex e-con-boxed e-con e-parent\" data-id=\"287fca2\" data-element_type=\"container\" data-e-type=\"container\" data-settings=\"{&quot;background_background&quot;:&quot;video&quot;,&quot;background_video_link&quot;:&quot;https:\\\/\\\/aderian.se\\\/wp-content\\\/uploads\\\/2026\\\/03\\\/aderian_2.mp4&quot;,&quot;background_play_on_mobile&quot;:&quot;yes&quot;}\">\n\t\t\t\t\t<div class=\"e-con-inner\">\n\t\t<div class=\"elementor-background-video-container\">\n\t\t\t\t\t\t\t<video class=\"elementor-background-video-hosted\" role=\"presentation\" autoplay muted playsinline loop><\/video>\n\t\t\t\t\t<\/div><div class=\"elementor-element elementor-element-1714bf9 e-con-full e-flex e-con e-child\" data-id=\"1714bf9\" data-element_type=\"container\" data-e-type=\"container\">\n\t\t\t\t<div class=\"elementor-element elementor-element-d0b24a9 elementor-widget__width-initial elementor-widget-tablet__width-inherit elementor-widget-mobile__width-inherit elementor-widget elementor-widget-text-editor\" data-id=\"d0b24a9\" data-element_type=\"widget\" data-e-type=\"widget\" data-widget_type=\"text-editor.default\">\n\t\t\t\t\t\t\t\t\t<p>Arrangement  <\/p><h1>Aderian AI Tour<\/h1>\t\t\t\t\t\t\t\t<\/div>\n\t\t\t\t<div class=\"elementor-element elementor-element-e2d6f41 elementor-widget elementor-widget-text-editor\" data-id=\"e2d6f41\" data-element_type=\"widget\" data-e-type=\"widget\" data-widget_type=\"text-editor.default\">\n\t\t\t\t\t\t\t\t\t<h2>AI, agenter og fremtidens arbeid &#8211; p\u00e5 ordentlig<\/h2>\t\t\t\t\t\t\t\t<\/div>\n\t\t\t\t<\/div>\n\t\t\t\t\t<\/div>\n\t\t\t\t<\/div>\n\t\t<div class=\"elementor-element elementor-element-41541fb wm-section wm-section-last e-flex e-con-boxed e-con e-parent\" data-id=\"41541fb\" data-element_type=\"container\" data-e-type=\"container\">\n\t\t\t\t\t<div class=\"e-con-inner\">\n\t\t<div class=\"elementor-element elementor-element-fe1ad18 e-con-full e-flex e-con e-child\" data-id=\"fe1ad18\" data-element_type=\"container\" data-e-type=\"container\">\n\t\t\t\t<div class=\"elementor-element elementor-element-8f68236 elementor-widget elementor-widget-text-editor\" data-id=\"8f68236\" data-element_type=\"widget\" data-e-type=\"widget\" data-widget_type=\"text-editor.default\">\n\t\t\t\t\t\t\t\t\t<p><strong>Aderian AI Tour er en landsomfattende arrangementsserie der vi, sammen med v\u00e5re selskaper i Aderian-konsernet, inviterer til lokale AI-arrangementer rundt om i Sverige. Fokuset er p\u00e5 hvordan organisasjoner faktisk kan bruke AI, Copilot og intelligente agenter i hverdagen &#8211; p\u00e5 en trygg, kontrollert og forretningsmessig m\u00e5te.   <\/strong><\/p><p>Dette er ikke sp\u00e5dommer om fremtiden p\u00e5 powerpoint-niv\u00e5. Vi deler konkret innsikt, live-demonstrasjoner, kundecase og erfaringer fra v\u00e5r egen reise som <b>Customer Zero,<\/b> der vi allerede bruker kunstig intelligens i skarp drift &#8211; i v\u00e5re egne prosesser og med kundene v\u00e5re. <\/p>\t\t\t\t\t\t\t\t<\/div>\n\t\t\t\t<div class=\"elementor-element elementor-element-f695612 elementor-widget elementor-widget-text-editor\" data-id=\"f695612\" data-element_type=\"widget\" data-e-type=\"widget\" data-widget_type=\"text-editor.default\">\n\t\t\t\t\t\t\t\t\t<p><b style=\"color: inherit; font-size: 28.62px; letter-spacing: -0.02em; text-wrap-mode: initial;\">Hva er Aderian AI Tour?<\/b><\/p><p>Aderian AI Tour er for alle som er nysgjerrige p\u00e5 AI og \u00f8nsker \u00e5 forst\u00e5 hvordan teknologien kan bidra til \u00e5 utvikle og styrke virksomheten deres. Arrangementet er rettet mot ledere, IT- og forretningssjefer, samt personer som rett og slett \u00f8nsker \u00e5 l\u00e6re mer, ligge i forkant og ta organisasjonen sin inn i neste fase. <\/p><p><strong>Aderian AI Tour er en m\u00f8teplass for alle som vil:<\/strong><\/p><ul><li><span role=\"presentation\">forst\u00e5 hvordan AI og agenter kan brukes til \u00e5 ta virksomheten din til neste niv\u00e5<\/span><\/li><li><span role=\"presentation\">komme i gang, eller ta neste skritt, p\u00e5 en trygg og strukturert m\u00e5te<\/span><\/li><li><span role=\"presentation\">f\u00e5 innsikt i hvordan ulike AI-\u00f8kosystemer brukes i virkelige scenarier<\/span><\/li><li><span role=\"presentation\">ta del i kundecase, live-demonstrasjoner og konkrete m\u00e5ter \u00e5 jobbe p\u00e5<\/span><\/li><li><span role=\"presentation\">dele erfaringer med andre som er midt i sin AI-reise<\/span><\/li><\/ul><p>Hvert stopp organiseres av et lokalt selskap i Aderian Group, med en r\u00f8d tr\u00e5d, men med tilpasset innhold basert p\u00e5 m\u00e5lgruppe, bransje og aktuelle behov.<\/p>\t\t\t\t\t\t\t\t<\/div>\n\t\t\t\t<div class=\"elementor-element elementor-element-16bc4a5 elementor-widget elementor-widget-text-editor\" data-id=\"16bc4a5\" data-element_type=\"widget\" data-e-type=\"widget\" data-widget_type=\"text-editor.default\">\n\t\t\t\t\t\t\t\t\t<p><b style=\"color: inherit; font-size: 28.62px; letter-spacing: -0.02em; text-wrap-mode: initial;\">Slik jobber Aderian Group med kunstig intelligens<\/b><\/p><p>Aderian Group best\u00e5r av rundt 30 spesialiserte selskaper rundt om i Sverige. Sammen har vi valgt en tiln\u00e6rming til AI som kombinerer nysgjerrighet og innovasjon med struktur, trygghet og langsiktighet. <\/p><p>Vi tror p\u00e5 \u00e5 v\u00e5ge \u00e5 teste for \u00e5 l\u00e6re. For \u00e5 virkelig forst\u00e5 AI m\u00e5 du v\u00e5ge \u00e5 pr\u00f8ve og utforske nye m\u00e5ter \u00e5 jobbe p\u00e5. Samtidig tror vi ikke p\u00e5 kunstig intelligens som noe ustrukturert ved siden av virksomheten.  <\/p><p>Vellykket AI-arbeid krever tydelig styring, riktig sikkerhetsniv\u00e5 og gjennomtenkt ledelse. Ved \u00e5 starte i det sm\u00e5, jobbe kontrollert og bygge steg for steg skaper vi l\u00f8sninger som varer over tid, uten \u00e5 miste kontroll, etterlevelse eller forretningsfokus. <\/p><p>Som Customer Zero bruker vi Copilot, AI-agenter og automatisering i v\u00e5r egen hverdag. Det betyr at vi ikke bare snakker om hva AI kan bli, men hvordan det fungerer her og n\u00e5 &#8211; b\u00e5de i v\u00e5r egen organisasjon og hos kundene v\u00e5re. <\/p>\t\t\t\t\t\t\t\t<\/div>\n\t\t\t\t<div class=\"elementor-element elementor-element-4cb0aa8 elementor-widget elementor-widget-text-editor\" data-id=\"4cb0aa8\" data-element_type=\"widget\" data-e-type=\"widget\" data-widget_type=\"text-editor.default\">\n\t\t\t\t\t\t\t\t\t<p><b style=\"color: inherit; font-size: 28.62px; letter-spacing: -0.02em; text-wrap-mode: initial;\">Turn\u00e9plan &#8211; kommende stoppesteder<\/b><\/p>\t\t\t\t\t\t\t\t<\/div>\n\t\t\t\t<div class=\"elementor-element elementor-element-f36cd19 elementor-icon-list--layout-traditional elementor-list-item-link-full_width elementor-widget elementor-widget-icon-list\" data-id=\"f36cd19\" data-element_type=\"widget\" data-e-type=\"widget\" data-widget_type=\"icon-list.default\">\n\t\t\t\t\t\t\t<ul class=\"elementor-icon-list-items\">\n\t\t\t\t\t\t\t<li class=\"elementor-icon-list-item\">\n\t\t\t\t\t\t\t\t\t\t\t<span class=\"elementor-icon-list-icon\">\n\t\t\t\t\t\t\t<svg xmlns=\"http:\/\/www.w3.org\/2000\/svg\" id=\"Lager_2\" data-name=\"Lager 2\" viewBox=\"0 0 19.5 23.44\"><defs><style>      .cls-1 {        fill: none;        stroke: #081ff0;        stroke-width: 1.5px;      }    <\/style><\/defs><g id=\"Account-Circle-Add--Streamline-Sharp\"><g id=\"location-pin-option-add\"><path id=\"Rectangle_2008\" data-name=\"Rectangle 2008\" class=\"cls-1\" d=\"M.75,9.75c0,6,9,12.75,9,12.75,0,0,9-6.75,9-12.75C18.75,4.78,14.72.75,9.75.75S.75,4.78.75,9.75Z\"><\/path><path id=\"Vector_1141\" data-name=\"Vector 1141\" class=\"cls-1\" d=\"M9.75,4.5v10\"><\/path><path id=\"Vector_1142\" data-name=\"Vector 1142\" class=\"cls-1\" d=\"M14.75,9.5H4.75\"><\/path><\/g><\/g><\/svg>\t\t\t\t\t\t<\/span>\n\t\t\t\t\t\t\t\t\t\t<span class=\"elementor-icon-list-text\"><strong>Stockholm, Aderian Zelly<\/strong><\/span>\n\t\t\t\t\t\t\t\t\t<\/li>\n\t\t\t\t\t\t\t\t<li class=\"elementor-icon-list-item\">\n\t\t\t\t\t\t\t\t\t\t\t<span class=\"elementor-icon-list-icon\">\n\t\t\t\t\t\t\t<svg xmlns=\"http:\/\/www.w3.org\/2000\/svg\" id=\"Lager_2\" data-name=\"Lager 2\" viewBox=\"0 0 22.39 22.58\"><defs><style>      .cls-1 {        fill: none;        stroke: #081ff0;        stroke-width: 1.5px;      }    <\/style><\/defs><g id=\"Account-Circle-Add--Streamline-Sharp\"><g id=\"calendar-add--add-calendar-date-day-month\"><path id=\"Rectangle_11\" data-name=\"Rectangle 11\" class=\"cls-1\" d=\"M11.1,19.76H.75V2.82h18.82v8.47\"><\/path><path id=\"Vector_38\" data-name=\"Vector 38\" class=\"cls-1\" d=\"M.75,6.59h18.82\"><\/path><path id=\"Vector_39\" data-name=\"Vector 39\" class=\"cls-1\" d=\"M4.51,0v2.82\"><\/path><path id=\"Vector_40\" data-name=\"Vector 40\" class=\"cls-1\" d=\"M15.8,0v2.82\"><\/path><path id=\"Vector_1141\" data-name=\"Vector 1141\" class=\"cls-1\" d=\"M22.39,17.88h-9.41M17.68,13.17v9.41\"><\/path><\/g><\/g><\/svg>\t\t\t\t\t\t<\/span>\n\t\t\t\t\t\t\t\t\t\t<span class=\"elementor-icon-list-text\">7. mai 2026<\/span>\n\t\t\t\t\t\t\t\t\t<\/li>\n\t\t\t\t\t\t<\/ul>\n\t\t\t\t\t\t<\/div>\n\t\t\t\t<div class=\"elementor-element elementor-element-2c652cc elementor-icon-list--layout-traditional elementor-list-item-link-full_width elementor-widget elementor-widget-icon-list\" data-id=\"2c652cc\" data-element_type=\"widget\" data-e-type=\"widget\" data-widget_type=\"icon-list.default\">\n\t\t\t\t\t\t\t<ul class=\"elementor-icon-list-items\">\n\t\t\t\t\t\t\t<li class=\"elementor-icon-list-item\">\n\t\t\t\t\t\t\t\t\t\t\t<span class=\"elementor-icon-list-icon\">\n\t\t\t\t\t\t\t<svg xmlns=\"http:\/\/www.w3.org\/2000\/svg\" id=\"Lager_2\" data-name=\"Lager 2\" viewBox=\"0 0 19.5 23.44\"><defs><style>      .cls-1 {        fill: none;        stroke: #081ff0;        stroke-width: 1.5px;      }    <\/style><\/defs><g id=\"Account-Circle-Add--Streamline-Sharp\"><g id=\"location-pin-option-add\"><path id=\"Rectangle_2008\" data-name=\"Rectangle 2008\" class=\"cls-1\" d=\"M.75,9.75c0,6,9,12.75,9,12.75,0,0,9-6.75,9-12.75C18.75,4.78,14.72.75,9.75.75S.75,4.78.75,9.75Z\"><\/path><path id=\"Vector_1141\" data-name=\"Vector 1141\" class=\"cls-1\" d=\"M9.75,4.5v10\"><\/path><path id=\"Vector_1142\" data-name=\"Vector 1142\" class=\"cls-1\" d=\"M14.75,9.5H4.75\"><\/path><\/g><\/g><\/svg>\t\t\t\t\t\t<\/span>\n\t\t\t\t\t\t\t\t\t\t<span class=\"elementor-icon-list-text\"><strong>Sted, Aderian Core IT<\/strong><\/span>\n\t\t\t\t\t\t\t\t\t<\/li>\n\t\t\t\t\t\t\t\t<li class=\"elementor-icon-list-item\">\n\t\t\t\t\t\t\t\t\t\t\t<span class=\"elementor-icon-list-icon\">\n\t\t\t\t\t\t\t<svg xmlns=\"http:\/\/www.w3.org\/2000\/svg\" id=\"Lager_2\" data-name=\"Lager 2\" viewBox=\"0 0 22.39 22.58\"><defs><style>      .cls-1 {        fill: none;        stroke: #081ff0;        stroke-width: 1.5px;      }    <\/style><\/defs><g id=\"Account-Circle-Add--Streamline-Sharp\"><g id=\"calendar-add--add-calendar-date-day-month\"><path id=\"Rectangle_11\" data-name=\"Rectangle 11\" class=\"cls-1\" d=\"M11.1,19.76H.75V2.82h18.82v8.47\"><\/path><path id=\"Vector_38\" data-name=\"Vector 38\" class=\"cls-1\" d=\"M.75,6.59h18.82\"><\/path><path id=\"Vector_39\" data-name=\"Vector 39\" class=\"cls-1\" d=\"M4.51,0v2.82\"><\/path><path id=\"Vector_40\" data-name=\"Vector 40\" class=\"cls-1\" d=\"M15.8,0v2.82\"><\/path><path id=\"Vector_1141\" data-name=\"Vector 1141\" class=\"cls-1\" d=\"M22.39,17.88h-9.41M17.68,13.17v9.41\"><\/path><\/g><\/g><\/svg>\t\t\t\t\t\t<\/span>\n\t\t\t\t\t\t\t\t\t\t<span class=\"elementor-icon-list-text\">26. mai 2026<\/span>\n\t\t\t\t\t\t\t\t\t<\/li>\n\t\t\t\t\t\t<\/ul>\n\t\t\t\t\t\t<\/div>\n\t\t\t\t<div class=\"elementor-element elementor-element-77ba3b1 elementor-icon-list--layout-traditional elementor-list-item-link-full_width elementor-widget elementor-widget-icon-list\" data-id=\"77ba3b1\" data-element_type=\"widget\" data-e-type=\"widget\" data-widget_type=\"icon-list.default\">\n\t\t\t\t\t\t\t<ul class=\"elementor-icon-list-items\">\n\t\t\t\t\t\t\t<li class=\"elementor-icon-list-item\">\n\t\t\t\t\t\t\t\t\t\t\t<span class=\"elementor-icon-list-icon\">\n\t\t\t\t\t\t\t<svg xmlns=\"http:\/\/www.w3.org\/2000\/svg\" id=\"Lager_2\" data-name=\"Lager 2\" viewBox=\"0 0 19.5 23.44\"><defs><style>      .cls-1 {        fill: none;        stroke: #081ff0;        stroke-width: 1.5px;      }    <\/style><\/defs><g id=\"Account-Circle-Add--Streamline-Sharp\"><g id=\"location-pin-option-add\"><path id=\"Rectangle_2008\" data-name=\"Rectangle 2008\" class=\"cls-1\" d=\"M.75,9.75c0,6,9,12.75,9,12.75,0,0,9-6.75,9-12.75C18.75,4.78,14.72.75,9.75.75S.75,4.78.75,9.75Z\"><\/path><path id=\"Vector_1141\" data-name=\"Vector 1141\" class=\"cls-1\" d=\"M9.75,4.5v10\"><\/path><path id=\"Vector_1142\" data-name=\"Vector 1142\" class=\"cls-1\" d=\"M14.75,9.5H4.75\"><\/path><\/g><\/g><\/svg>\t\t\t\t\t\t<\/span>\n\t\t\t\t\t\t\t\t\t\t<span class=\"elementor-icon-list-text\"><strong>Sted, Aderian Thelin Data<\/strong><\/span>\n\t\t\t\t\t\t\t\t\t<\/li>\n\t\t\t\t\t\t\t\t<li class=\"elementor-icon-list-item\">\n\t\t\t\t\t\t\t\t\t\t\t<span class=\"elementor-icon-list-icon\">\n\t\t\t\t\t\t\t<svg xmlns=\"http:\/\/www.w3.org\/2000\/svg\" id=\"Lager_2\" data-name=\"Lager 2\" viewBox=\"0 0 22.39 22.58\"><defs><style>      .cls-1 {        fill: none;        stroke: #081ff0;        stroke-width: 1.5px;      }    <\/style><\/defs><g id=\"Account-Circle-Add--Streamline-Sharp\"><g id=\"calendar-add--add-calendar-date-day-month\"><path id=\"Rectangle_11\" data-name=\"Rectangle 11\" class=\"cls-1\" d=\"M11.1,19.76H.75V2.82h18.82v8.47\"><\/path><path id=\"Vector_38\" data-name=\"Vector 38\" class=\"cls-1\" d=\"M.75,6.59h18.82\"><\/path><path id=\"Vector_39\" data-name=\"Vector 39\" class=\"cls-1\" d=\"M4.51,0v2.82\"><\/path><path id=\"Vector_40\" data-name=\"Vector 40\" class=\"cls-1\" d=\"M15.8,0v2.82\"><\/path><path id=\"Vector_1141\" data-name=\"Vector 1141\" class=\"cls-1\" d=\"M22.39,17.88h-9.41M17.68,13.17v9.41\"><\/path><\/g><\/g><\/svg>\t\t\t\t\t\t<\/span>\n\t\t\t\t\t\t\t\t\t\t<span class=\"elementor-icon-list-text\">26. mai 2026<\/span>\n\t\t\t\t\t\t\t\t\t<\/li>\n\t\t\t\t\t\t<\/ul>\n\t\t\t\t\t\t<\/div>\n\t\t\t\t<div class=\"elementor-element elementor-element-a8f35c7 elementor-icon-list--layout-traditional elementor-list-item-link-full_width elementor-widget elementor-widget-icon-list\" data-id=\"a8f35c7\" data-element_type=\"widget\" data-e-type=\"widget\" data-widget_type=\"icon-list.default\">\n\t\t\t\t\t\t\t<ul class=\"elementor-icon-list-items\">\n\t\t\t\t\t\t\t<li class=\"elementor-icon-list-item\">\n\t\t\t\t\t\t\t\t\t\t\t<span class=\"elementor-icon-list-icon\">\n\t\t\t\t\t\t\t<svg xmlns=\"http:\/\/www.w3.org\/2000\/svg\" id=\"Lager_2\" data-name=\"Lager 2\" viewBox=\"0 0 19.5 23.44\"><defs><style>      .cls-1 {        fill: none;        stroke: #081ff0;        stroke-width: 1.5px;      }    <\/style><\/defs><g id=\"Account-Circle-Add--Streamline-Sharp\"><g id=\"location-pin-option-add\"><path id=\"Rectangle_2008\" data-name=\"Rectangle 2008\" class=\"cls-1\" d=\"M.75,9.75c0,6,9,12.75,9,12.75,0,0,9-6.75,9-12.75C18.75,4.78,14.72.75,9.75.75S.75,4.78.75,9.75Z\"><\/path><path id=\"Vector_1141\" data-name=\"Vector 1141\" class=\"cls-1\" d=\"M9.75,4.5v10\"><\/path><path id=\"Vector_1142\" data-name=\"Vector 1142\" class=\"cls-1\" d=\"M14.75,9.5H4.75\"><\/path><\/g><\/g><\/svg>\t\t\t\t\t\t<\/span>\n\t\t\t\t\t\t\t\t\t\t<span class=\"elementor-icon-list-text\"><strong>Stockholm, Aderian Stockholm<\/strong><\/span>\n\t\t\t\t\t\t\t\t\t<\/li>\n\t\t\t\t\t\t\t\t<li class=\"elementor-icon-list-item\">\n\t\t\t\t\t\t\t\t\t\t\t<span class=\"elementor-icon-list-icon\">\n\t\t\t\t\t\t\t<svg xmlns=\"http:\/\/www.w3.org\/2000\/svg\" id=\"Lager_2\" data-name=\"Lager 2\" viewBox=\"0 0 22.39 22.58\"><defs><style>      .cls-1 {        fill: none;        stroke: #081ff0;        stroke-width: 1.5px;      }    <\/style><\/defs><g id=\"Account-Circle-Add--Streamline-Sharp\"><g id=\"calendar-add--add-calendar-date-day-month\"><path id=\"Rectangle_11\" data-name=\"Rectangle 11\" class=\"cls-1\" d=\"M11.1,19.76H.75V2.82h18.82v8.47\"><\/path><path id=\"Vector_38\" data-name=\"Vector 38\" class=\"cls-1\" d=\"M.75,6.59h18.82\"><\/path><path id=\"Vector_39\" data-name=\"Vector 39\" class=\"cls-1\" d=\"M4.51,0v2.82\"><\/path><path id=\"Vector_40\" data-name=\"Vector 40\" class=\"cls-1\" d=\"M15.8,0v2.82\"><\/path><path id=\"Vector_1141\" data-name=\"Vector 1141\" class=\"cls-1\" d=\"M22.39,17.88h-9.41M17.68,13.17v9.41\"><\/path><\/g><\/g><\/svg>\t\t\t\t\t\t<\/span>\n\t\t\t\t\t\t\t\t\t\t<span class=\"elementor-icon-list-text\">H\u00f8sten 2026<\/span>\n\t\t\t\t\t\t\t\t\t<\/li>\n\t\t\t\t\t\t<\/ul>\n\t\t\t\t\t\t<\/div>\n\t\t\t\t<div class=\"elementor-element elementor-element-5ba3078 elementor-widget elementor-widget-text-editor\" data-id=\"5ba3078\" data-element_type=\"widget\" data-e-type=\"widget\" data-widget_type=\"text-editor.default\">\n\t\t\t\t\t\t\t\t\t<p>Flere steder og datoer vil bli lagt til etter hvert som de blir tilgjengelige.<\/p>\t\t\t\t\t\t\t\t<\/div>\n\t\t\t\t<\/div>\n\t\t\t\t\t<\/div>\n\t\t\t\t<\/div>\n\t\t\t\t<\/div>\n\t\t","protected":false},"excerpt":{"rendered":"<p>Arrangement Aderian AI Tour AI, agenter og fremtidens arbeid &#8211; p\u00e5 ordentlig Aderian AI Tour er en landsomfattende arrangementsserie der vi, sammen med v\u00e5re selskaper i Aderian-konsernet, inviterer til lokale AI-arrangementer rundt om i Sverige. Fokuset er p\u00e5 hvordan organisasjoner faktisk kan bruke AI, Copilot og intelligente agenter i hverdagen &#8211; p\u00e5 en trygg, kontrollert [&hellip;]<\/p>\n","protected":false},"author":1,"featured_media":0,"parent":0,"menu_order":0,"comment_status":"closed","ping_status":"closed","template":"","meta":{"_acf_changed":false,"footnotes":""},"class_list":["post-56011","page","type-page","status-publish","hentry"],"acf":[],"_links":{"self":[{"href":"https:\/\/aderian.se\/no\/wp-json\/wp\/v2\/pages\/56011","targetHints":{"allow":["GET"]}}],"collection":[{"href":"https:\/\/aderian.se\/no\/wp-json\/wp\/v2\/pages"}],"about":[{"href":"https:\/\/aderian.se\/no\/wp-json\/wp\/v2\/types\/page"}],"author":[{"embeddable":true,"href":"https:\/\/aderian.se\/no\/wp-json\/wp\/v2\/users\/1"}],"replies":[{"embeddable":true,"href":"https:\/\/aderian.se\/no\/wp-json\/wp\/v2\/comments?post=56011"}],"version-history":[{"count":0,"href":"https:\/\/aderian.se\/no\/wp-json\/wp\/v2\/pages\/56011\/revisions"}],"wp:attachment":[{"href":"https:\/\/aderian.se\/no\/wp-json\/wp\/v2\/media?parent=56011"}],"curies":[{"name":"wp","href":"https:\/\/api.w.org\/{rel}","templated":true}]}}