{"id":55414,"date":"2026-03-31T14:44:10","date_gmt":"2026-03-31T12:44:10","guid":{"rendered":"https:\/\/aderian.se\/aderian-i-norge"},"modified":"2026-04-07T08:30:11","modified_gmt":"2026-04-07T06:30:11","slug":"aderian-i-norge","status":"publish","type":"page","link":"https:\/\/aderian.se\/no\/aderian-i-norge","title":{"rendered":"Aderian i Norge"},"content":{"rendered":"\t\t<div data-elementor-type=\"wp-page\" data-elementor-id=\"55414\" class=\"elementor elementor-55414 elementor-55237\" data-elementor-post-type=\"page\">\n\t\t\t\t<div class=\"elementor-element elementor-element-05fe434 e-flex e-con-boxed e-con e-parent\" data-id=\"05fe434\" data-element_type=\"container\" data-e-type=\"container\" data-settings=\"{&quot;background_background&quot;:&quot;video&quot;,&quot;background_video_link&quot;:&quot;https:\\\/\\\/aderian.se\\\/wp-content\\\/uploads\\\/2026\\\/03\\\/aderian_2.mp4&quot;,&quot;background_play_on_mobile&quot;:&quot;yes&quot;}\">\n\t\t\t\t\t<div class=\"e-con-inner\">\n\t\t<div class=\"elementor-background-video-container\">\n\t\t\t\t\t\t\t<video class=\"elementor-background-video-hosted\" role=\"presentation\" autoplay muted playsinline loop><\/video>\n\t\t\t\t\t<\/div><div class=\"elementor-element elementor-element-74fbeca e-con-full e-flex e-con e-child\" data-id=\"74fbeca\" data-element_type=\"container\" data-e-type=\"container\">\n\t\t\t\t<div class=\"elementor-element elementor-element-cde159b elementor-widget__width-initial elementor-widget-tablet__width-inherit elementor-widget-mobile__width-inherit elementor-widget elementor-widget-text-editor\" data-id=\"cde159b\" data-element_type=\"widget\" data-e-type=\"widget\" data-widget_type=\"text-editor.default\">\n\t\t\t\t\t\t\t\t\t<h1>Aderian i Norge<\/h1>\t\t\t\t\t\t\t\t<\/div>\n\t\t\t\t<div class=\"elementor-element elementor-element-cebec34 elementor-widget elementor-widget-text-editor\" data-id=\"cebec34\" data-element_type=\"widget\" data-e-type=\"widget\" data-widget_type=\"text-editor.default\">\n\t\t\t\t\t\t\t\t\t<h2>Sterke lokale teknologimilj\u00f8er \u2013 samlet i en nordisk plattform<\/h2>\t\t\t\t\t\t\t\t<\/div>\n\t\t\t\t<\/div>\n\t\t\t\t\t<\/div>\n\t\t\t\t<\/div>\n\t\t<div class=\"elementor-element elementor-element-6485c09 wm-section-first wm-section-last e-flex e-con-boxed e-con e-parent\" data-id=\"6485c09\" data-element_type=\"container\" data-e-type=\"container\">\n\t\t\t\t\t<div class=\"e-con-inner\">\n\t\t<div class=\"elementor-element elementor-element-28ee57a e-con-full e-flex e-con e-child\" data-id=\"28ee57a\" data-element_type=\"container\" data-e-type=\"container\">\n\t\t\t\t<div class=\"elementor-element elementor-element-c02c91e elementor-widget elementor-widget-text-editor\" data-id=\"c02c91e\" data-element_type=\"widget\" data-e-type=\"widget\" data-widget_type=\"text-editor.default\">\n\t\t\t\t\t\t\t\t\t<p><strong>Aderian Group etablerer seg i Norge gjennom oppkj\u00f8p av fem sterke og lokalt forankrede selskaper. Tilsammen skaper vi en plattform med dyp teknisk kompetanse, sterke kunderelasjoner og en tydelig ambisjon om videre vekst. <\/strong><\/p><p>V\u00e5r modell bygger p\u00e5 \u00e5 bevare det lokale entrepren\u00f8rskapet \u2013 samtidig som selskapene f\u00e5r tilgang til en st\u00f8rre nordisk struktur, erfaring og styrke.<\/p>\t\t\t\t\t\t\t\t<\/div>\n\t\t\t\t<div class=\"elementor-element elementor-element-00782d3 elementor-widget elementor-widget-text-editor\" data-id=\"00782d3\" data-element_type=\"widget\" data-e-type=\"widget\" data-widget_type=\"text-editor.default\">\n\t\t\t\t\t\t\t\t\t<h3>V\u00e5re selskaper i Norge<\/h3>\t\t\t\t\t\t\t\t<\/div>\n\t\t\t\t<div class=\"elementor-element elementor-element-3e9073f elementor-widget elementor-widget-text-editor\" data-id=\"3e9073f\" data-element_type=\"widget\" data-e-type=\"widget\" data-widget_type=\"text-editor.default\">\n\t\t\t\t\t\t\t\t\t<h2>Netsolution Gruppen AS<\/h2><p><strong>Sted: <\/strong>Drammen og T\u00f8nsberg<br><strong>Grunnlagt:<\/strong> 2004<br><strong>Antall medarbeidere:<\/strong> 16<\/p><p>Netolution er en etablert IT-partner p\u00e5 det sentrale \u00d8stlandet med fokus p\u00e5 p\u00e5 IT-drift, skytjenester og sikkerhetsl\u00f8sninger. Vi leverer sikre, brukervennlige og effektive IT-l\u00f8sninger med personlig service som v\u00e5rt viktigste fortrinn. <\/p><p><strong>Kompetanseomr\u00e5der<\/strong><\/p><ul><li>IT-drift og support<\/li><li>Konsulenttjenester<\/li><li>Lisensr\u00e5dgivning<\/li><li>Nettverk<\/li><li>Sikkerhet<\/li><li>M\u00f8terom<\/li><li>Print-l\u00f8sninger og service<\/li><li>Telefoni og kommunikasjon<\/li><\/ul><p><a href=\"https:\/\/www.netsolution.no\/\" target=\"_blank\" rel=\"noopener\">Kontakt oss<\/a><\/p>\t\t\t\t\t\t\t\t<\/div>\n\t\t\t\t<div class=\"elementor-element elementor-element-4ff03ae elementor-widget elementor-widget-spacer\" data-id=\"4ff03ae\" data-element_type=\"widget\" data-e-type=\"widget\" data-widget_type=\"spacer.default\">\n\t\t\t\t\t\t\t<div class=\"elementor-spacer\">\n\t\t\t<div class=\"elementor-spacer-inner\"><\/div>\n\t\t<\/div>\n\t\t\t\t\t\t<\/div>\n\t\t\t\t<div class=\"elementor-element elementor-element-6b1d71a elementor-widget elementor-widget-text-editor\" data-id=\"6b1d71a\" data-element_type=\"widget\" data-e-type=\"widget\" data-widget_type=\"text-editor.default\">\n\t\t\t\t\t\t\t\t\t<h2>Sagene Data AS<\/h2><p><strong>Region: <\/strong>Oslo, Viken, Telemark og Bergen<br><strong>Grunnlagt:<\/strong> 2000<br><strong>Antall medarbeidere:<\/strong> 48<\/p><p>Sagene Data leverer IT-drift, nettverk, sikkerhet, og forretningsn\u00e6re teknologil\u00f8sninger.<\/p><p>Sagene Data har stort fokus p\u00e5 skole og utdanningsmarkedet, og er kjent for sin utvikling av unge talenter og sine innovative kurs og kompetanse-prosjekter.<\/p><p><strong>Kompetanseomr\u00e5der<\/strong><\/p><ul><li>IT-drift og support<\/li><li>Nettverk og sikkerhet<\/li><li>Kurs og kompetanse<\/li><li>Skoledrift og edtech<\/li><li>KI og utvikling<\/li><li>IT-utstyr og lisenser<\/li><\/ul><p><a href=\"https:\/\/sagenedata.no\/\" target=\"_blank\" rel=\"noopener\">Kontakt oss<\/a><\/p>\t\t\t\t\t\t\t\t<\/div>\n\t\t\t\t<div class=\"elementor-element elementor-element-9335d1f elementor-widget elementor-widget-spacer\" data-id=\"9335d1f\" data-element_type=\"widget\" data-e-type=\"widget\" data-widget_type=\"spacer.default\">\n\t\t\t\t\t\t\t<div class=\"elementor-spacer\">\n\t\t\t<div class=\"elementor-spacer-inner\"><\/div>\n\t\t<\/div>\n\t\t\t\t\t\t<\/div>\n\t\t\t\t<div class=\"elementor-element elementor-element-05083fa elementor-widget elementor-widget-text-editor\" data-id=\"05083fa\" data-element_type=\"widget\" data-e-type=\"widget\" data-widget_type=\"text-editor.default\">\n\t\t\t\t\t\t\t\t\t<h2>Tallmaker AS<\/h2><p><strong>Region: <\/strong>Hele Norge, men lokalisert p\u00e5 \u00d8stlandet<br><strong>Etablert: <\/strong>2020<br><strong>Antall medarbeidere: <\/strong>15<\/p><p>Tallmaker er spesialister som leverer programvare og tjenester innenfor fagomr\u00e5dene dataplattform, datavarehus, rapportering, analyse samt mer avansert AI-st\u00f8ttet databehandling og maskinl\u00e6ring.<\/p><p>Gjennom \u00e5 s\u00f8rge for god struktur, datakvalitet og brukertilpassede visualiseringer gir de kundene verkt\u00f8y for \u00e5 ta raskere og riktigere beslutninger, effektivisere sine prosesser og forbedre sin verdiskapning.<\/p><p>Tallmaker kombinerer spisskompetanse og en fleksibel metodikk med kundenes behov for spesialtilpasninger og \u201dpay as you go\u201d<\/p><p><strong>Kompetanseomr\u00e5der<\/strong><\/p><ul><li>Dataplattform og datavarehus<\/li><li>Rapportering og analyse<\/li><li>Power BI \/ Fabric \/ Qlik<\/li><li>DBT, Snowflake og Databricks<\/li><li>Maskinl\u00e6ring og AI<\/li><\/ul><p><a href=\"https:\/\/www.tallmaker.no\/\" target=\"_blank\" rel=\"noopener\">Kontakt oss<\/a><\/p>\t\t\t\t\t\t\t\t<\/div>\n\t\t\t\t<div class=\"elementor-element elementor-element-5c34910 elementor-widget elementor-widget-spacer\" data-id=\"5c34910\" data-element_type=\"widget\" data-e-type=\"widget\" data-widget_type=\"spacer.default\">\n\t\t\t\t\t\t\t<div class=\"elementor-spacer\">\n\t\t\t<div class=\"elementor-spacer-inner\"><\/div>\n\t\t<\/div>\n\t\t\t\t\t\t<\/div>\n\t\t\t\t<div class=\"elementor-element elementor-element-2836ece elementor-widget elementor-widget-text-editor\" data-id=\"2836ece\" data-element_type=\"widget\" data-e-type=\"widget\" data-widget_type=\"text-editor.default\">\n\t\t\t\t\t\t\t\t\t<h2>Attend IT AS<\/h2><p><strong>Region: <\/strong>\u00d8stlandet<br><strong>Grunnlagt:<\/strong> 2006<br><strong>Antall medarbeidere: <\/strong>8<\/p><p>Attend er en IT-partner med spisskompetanse innen skytjenester, sikkerhet og drift av forretningskritiske l\u00f8sninger, med en bred kundebase.<\/p><p>Selskapet har ogs\u00e5 en sterk posisjon innen e-helse og leverer drift og forvaltning til flere av Norges st\u00f8rre helseakt\u00f8rer.<\/p><p><strong>Kompetanseomr\u00e5der<\/strong><\/p><ul><li>IT-drift og support<\/li><li>Konsulenttjenester<\/li><li>Lisensr\u00e5dgivning<\/li><li>Nettverk<\/li><li>Sikkerhet<\/li><li>M\u00f8terom<\/li><li>Hosting \/ ASP<\/li><li>Helsenettpartner \/ e-helse<\/li><\/ul><p><a href=\"https:\/\/attend.no\/\" target=\"_blank\" rel=\"noopener\">Kontakt oss<\/a><\/p>\t\t\t\t\t\t\t\t<\/div>\n\t\t\t\t<div class=\"elementor-element elementor-element-52fdf67 elementor-widget elementor-widget-spacer\" data-id=\"52fdf67\" data-element_type=\"widget\" data-e-type=\"widget\" data-widget_type=\"spacer.default\">\n\t\t\t\t\t\t\t<div class=\"elementor-spacer\">\n\t\t\t<div class=\"elementor-spacer-inner\"><\/div>\n\t\t<\/div>\n\t\t\t\t\t\t<\/div>\n\t\t\t\t<div class=\"elementor-element elementor-element-9b07c47 elementor-widget elementor-widget-text-editor\" data-id=\"9b07c47\" data-element_type=\"widget\" data-e-type=\"widget\" data-widget_type=\"text-editor.default\">\n\t\t\t\t\t\t\t\t\t<h2>Grenland Data AS<\/h2><p><strong>Sted: <\/strong>Skien \/ Telemark<br><strong>Grunnlagt:<\/strong> 2000<br><strong>Antall medarbeidere:<\/strong> 5<\/p><p>Grenland Data er en moderne MSP-leverand\u00f8r som leverer sikre og stabile IT-tjenester til sm\u00e5 og mellomstore bedrifter i Grenland og n\u00e6rliggende regioner.<\/p><p>Selskapet tilbyr helhetlig IT-drift med fokus p\u00e5 Microsoft 365-forvaltning, sikkerhetstjenester, server- og nettverksadministrasjon samt proaktiv overv\u00e5king av IT-milj\u00f8er.<\/p><p>Gjennom lokal tilstedev\u00e6relse og et bredt partnernettverk innen telefoni, infrastruktur og spesialiserte IT-tjenester f\u00e5r kunder skreddersydde l\u00f8sninger som styrker den digitale hverdagen.<\/p><p>Ambisjonen er \u00e5 v\u00e6re en trygg og teknologidrevet samarbeidspartner som sikrer forutsigbar drift og h\u00f8y tilgjengelighet for virksomheter i regionen.<\/p><p><strong>Kompetanseomr\u00e5der<\/strong><\/p><ul><li>IT-drift og support<\/li><li>Konsulenttjenester<\/li><li>IT-utstyr og lisenser<\/li><li>Nettverk og sikkerhet<\/li><li>Telefoni og kommunikasjon<\/li><li>Hosting \/ ASP<\/li><li>Videooverv\u00e5king<\/li><li>Integrasjoner \/ webutvikling<\/li><li>Artificiell intelligens<\/li><li>Radiokommunikation<\/li><\/ul><p><a href=\"https:\/\/www.gda.no\/\" target=\"_blank\" rel=\"noopener\">Kontakt oss<\/a><\/p>\t\t\t\t\t\t\t\t<\/div>\n\t\t\t\t<\/div>\n\t\t\t\t\t<\/div>\n\t\t\t\t<\/div>\n\t\t\t\t<\/div>\n\t\t","protected":false},"excerpt":{"rendered":"<p>Aderian i Norge Sterke lokale teknologimilj\u00f8er \u2013 samlet i en nordisk plattform Aderian Group etablerer seg i Norge gjennom oppkj\u00f8p av fem sterke og lokalt forankrede selskaper. Tilsammen skaper vi en plattform med dyp teknisk kompetanse, sterke kunderelasjoner og en tydelig ambisjon om videre vekst. V\u00e5r modell bygger p\u00e5 \u00e5 bevare det lokale entrepren\u00f8rskapet \u2013 [&hellip;]<\/p>\n","protected":false},"author":1,"featured_media":0,"parent":0,"menu_order":0,"comment_status":"closed","ping_status":"closed","template":"","meta":{"_acf_changed":false,"footnotes":""},"class_list":["post-55414","page","type-page","status-publish","hentry"],"acf":[],"_links":{"self":[{"href":"https:\/\/aderian.se\/no\/wp-json\/wp\/v2\/pages\/55414","targetHints":{"allow":["GET"]}}],"collection":[{"href":"https:\/\/aderian.se\/no\/wp-json\/wp\/v2\/pages"}],"about":[{"href":"https:\/\/aderian.se\/no\/wp-json\/wp\/v2\/types\/page"}],"author":[{"embeddable":true,"href":"https:\/\/aderian.se\/no\/wp-json\/wp\/v2\/users\/1"}],"replies":[{"embeddable":true,"href":"https:\/\/aderian.se\/no\/wp-json\/wp\/v2\/comments?post=55414"}],"version-history":[{"count":0,"href":"https:\/\/aderian.se\/no\/wp-json\/wp\/v2\/pages\/55414\/revisions"}],"wp:attachment":[{"href":"https:\/\/aderian.se\/no\/wp-json\/wp\/v2\/media?parent=55414"}],"curies":[{"name":"wp","href":"https:\/\/api.w.org\/{rel}","templated":true}]}}